{"id":62,"date":"2018-11-08T15:09:18","date_gmt":"2018-11-08T14:09:18","guid":{"rendered":"http:\/\/shapa01.fr\/?page_id=62"},"modified":"2022-09-01T14:44:30","modified_gmt":"2022-09-01T12:44:30","slug":"a-propos-de","status":"publish","type":"page","link":"https:\/\/shapa01.fr\/?page_id=62","title":{"rendered":"Nos publications"},"content":{"rendered":"<ul>\n<li><span style=\"color: #0000ff;\"><strong>Richesses touristiques et arch\u00e9ologiques du canton de Meximieux ;<\/strong><\/span><\/li>\n<li><span style=\"color: #0000ff;\"><strong>L\u2019\u00e9glise saint Apollinaire de Meximieux ;<\/strong><\/span><\/li>\n<li><strong><span style=\"color: #0000ff;\">La n\u00e9cropole de Croix tomb\u00e9e&#8230;<\/span><\/strong><\/li>\n<\/ul>\n","protected":false},"excerpt":{"rendered":"<p>Richesses touristiques et arch\u00e9ologiques du canton de Meximieux ; L\u2019\u00e9glise saint Apollinaire de Meximieux ; La n\u00e9cropole de Croix tomb\u00e9e&#8230;<\/p>\n","protected":false},"author":1,"featured_media":113,"parent":0,"menu_order":0,"comment_status":"closed","ping_status":"closed","template":"","meta":{"footnotes":""},"class_list":["post-62","page","type-page","status-publish","has-post-thumbnail","hentry"],"yoast_head":"<!-- This site is optimized with the Yoast SEO plugin v27.4 - https:\/\/yoast.com\/product\/yoast-seo-wordpress\/ -->\n<title>Nos publications - SHAPA<\/title>\n<meta name=\"robots\" content=\"index, follow, max-snippet:-1, max-image-preview:large, max-video-preview:-1\" \/>\n<link rel=\"canonical\" href=\"https:\/\/shapa01.fr\/?page_id=62\" \/>\n<meta property=\"og:locale\" content=\"fr_FR\" \/>\n<meta property=\"og:type\" content=\"article\" \/>\n<meta property=\"og:title\" content=\"Nos publications - SHAPA\" \/>\n<meta property=\"og:description\" content=\"Richesses touristiques et arch\u00e9ologiques du canton de Meximieux ; L\u2019\u00e9glise saint Apollinaire de Meximieux ; La n\u00e9cropole de Croix tomb\u00e9e&#8230;\" \/>\n<meta property=\"og:url\" content=\"https:\/\/shapa01.fr\/?page_id=62\" \/>\n<meta property=\"og:site_name\" content=\"SHAPA\" \/>\n<meta property=\"article:modified_time\" content=\"2022-09-01T12:44:30+00:00\" \/>\n<meta property=\"og:image\" content=\"https:\/\/shapa01.fr\/wp-content\/uploads\/2018\/11\/cite-medievale.jpg\" \/>\n\t<meta property=\"og:image:width\" content=\"550\" \/>\n\t<meta property=\"og:image:height\" content=\"367\" \/>\n\t<meta property=\"og:image:type\" content=\"image\/jpeg\" \/>\n<meta name=\"twitter:card\" content=\"summary_large_image\" \/>\n<script type=\"application\/ld+json\" class=\"yoast-schema-graph\">{\"@context\":\"https:\\\/\\\/schema.org\",\"@graph\":[{\"@type\":\"WebPage\",\"@id\":\"https:\\\/\\\/shapa01.fr\\\/?page_id=62\",\"url\":\"https:\\\/\\\/shapa01.fr\\\/?page_id=62\",\"name\":\"Nos publications - SHAPA\",\"isPartOf\":{\"@id\":\"https:\\\/\\\/shapa01.fr\\\/#website\"},\"primaryImageOfPage\":{\"@id\":\"https:\\\/\\\/shapa01.fr\\\/?page_id=62#primaryimage\"},\"image\":{\"@id\":\"https:\\\/\\\/shapa01.fr\\\/?page_id=62#primaryimage\"},\"thumbnailUrl\":\"https:\\\/\\\/shapa01.fr\\\/wp-content\\\/uploads\\\/2018\\\/11\\\/cite-medievale.jpg\",\"datePublished\":\"2018-11-08T14:09:18+00:00\",\"dateModified\":\"2022-09-01T12:44:30+00:00\",\"breadcrumb\":{\"@id\":\"https:\\\/\\\/shapa01.fr\\\/?page_id=62#breadcrumb\"},\"inLanguage\":\"fr-FR\",\"potentialAction\":[{\"@type\":\"ReadAction\",\"target\":[\"https:\\\/\\\/shapa01.fr\\\/?page_id=62\"]}]},{\"@type\":\"ImageObject\",\"inLanguage\":\"fr-FR\",\"@id\":\"https:\\\/\\\/shapa01.fr\\\/?page_id=62#primaryimage\",\"url\":\"https:\\\/\\\/shapa01.fr\\\/wp-content\\\/uploads\\\/2018\\\/11\\\/cite-medievale.jpg\",\"contentUrl\":\"https:\\\/\\\/shapa01.fr\\\/wp-content\\\/uploads\\\/2018\\\/11\\\/cite-medievale.jpg\",\"width\":550,\"height\":367},{\"@type\":\"BreadcrumbList\",\"@id\":\"https:\\\/\\\/shapa01.fr\\\/?page_id=62#breadcrumb\",\"itemListElement\":[{\"@type\":\"ListItem\",\"position\":1,\"name\":\"Accueil\",\"item\":\"https:\\\/\\\/shapa01.fr\\\/\"},{\"@type\":\"ListItem\",\"position\":2,\"name\":\"Nos publications\"}]},{\"@type\":\"WebSite\",\"@id\":\"https:\\\/\\\/shapa01.fr\\\/#website\",\"url\":\"https:\\\/\\\/shapa01.fr\\\/\",\"name\":\"SHAPA\",\"description\":\"Soci\u00e9t\u00e9 d&#039;Histoire et d&#039;Arch\u00e9ologie de la Plaine de l&#039;Ain\",\"potentialAction\":[{\"@type\":\"SearchAction\",\"target\":{\"@type\":\"EntryPoint\",\"urlTemplate\":\"https:\\\/\\\/shapa01.fr\\\/?s={search_term_string}\"},\"query-input\":{\"@type\":\"PropertyValueSpecification\",\"valueRequired\":true,\"valueName\":\"search_term_string\"}}],\"inLanguage\":\"fr-FR\"}]}<\/script>\n<!-- \/ Yoast SEO plugin. -->","yoast_head_json":{"title":"Nos publications - SHAPA","robots":{"index":"index","follow":"follow","max-snippet":"max-snippet:-1","max-image-preview":"max-image-preview:large","max-video-preview":"max-video-preview:-1"},"canonical":"https:\/\/shapa01.fr\/?page_id=62","og_locale":"fr_FR","og_type":"article","og_title":"Nos publications - SHAPA","og_description":"Richesses touristiques et arch\u00e9ologiques du canton de Meximieux ; L\u2019\u00e9glise saint Apollinaire de Meximieux ; La n\u00e9cropole de Croix tomb\u00e9e&#8230;","og_url":"https:\/\/shapa01.fr\/?page_id=62","og_site_name":"SHAPA","article_modified_time":"2022-09-01T12:44:30+00:00","og_image":[{"width":550,"height":367,"url":"https:\/\/shapa01.fr\/wp-content\/uploads\/2018\/11\/cite-medievale.jpg","type":"image\/jpeg"}],"twitter_card":"summary_large_image","schema":{"@context":"https:\/\/schema.org","@graph":[{"@type":"WebPage","@id":"https:\/\/shapa01.fr\/?page_id=62","url":"https:\/\/shapa01.fr\/?page_id=62","name":"Nos publications - SHAPA","isPartOf":{"@id":"https:\/\/shapa01.fr\/#website"},"primaryImageOfPage":{"@id":"https:\/\/shapa01.fr\/?page_id=62#primaryimage"},"image":{"@id":"https:\/\/shapa01.fr\/?page_id=62#primaryimage"},"thumbnailUrl":"https:\/\/shapa01.fr\/wp-content\/uploads\/2018\/11\/cite-medievale.jpg","datePublished":"2018-11-08T14:09:18+00:00","dateModified":"2022-09-01T12:44:30+00:00","breadcrumb":{"@id":"https:\/\/shapa01.fr\/?page_id=62#breadcrumb"},"inLanguage":"fr-FR","potentialAction":[{"@type":"ReadAction","target":["https:\/\/shapa01.fr\/?page_id=62"]}]},{"@type":"ImageObject","inLanguage":"fr-FR","@id":"https:\/\/shapa01.fr\/?page_id=62#primaryimage","url":"https:\/\/shapa01.fr\/wp-content\/uploads\/2018\/11\/cite-medievale.jpg","contentUrl":"https:\/\/shapa01.fr\/wp-content\/uploads\/2018\/11\/cite-medievale.jpg","width":550,"height":367},{"@type":"BreadcrumbList","@id":"https:\/\/shapa01.fr\/?page_id=62#breadcrumb","itemListElement":[{"@type":"ListItem","position":1,"name":"Accueil","item":"https:\/\/shapa01.fr\/"},{"@type":"ListItem","position":2,"name":"Nos publications"}]},{"@type":"WebSite","@id":"https:\/\/shapa01.fr\/#website","url":"https:\/\/shapa01.fr\/","name":"SHAPA","description":"Soci\u00e9t\u00e9 d&#039;Histoire et d&#039;Arch\u00e9ologie de la Plaine de l&#039;Ain","potentialAction":[{"@type":"SearchAction","target":{"@type":"EntryPoint","urlTemplate":"https:\/\/shapa01.fr\/?s={search_term_string}"},"query-input":{"@type":"PropertyValueSpecification","valueRequired":true,"valueName":"search_term_string"}}],"inLanguage":"fr-FR"}]}},"_links":{"self":[{"href":"https:\/\/shapa01.fr\/index.php?rest_route=\/wp\/v2\/pages\/62","targetHints":{"allow":["GET"]}}],"collection":[{"href":"https:\/\/shapa01.fr\/index.php?rest_route=\/wp\/v2\/pages"}],"about":[{"href":"https:\/\/shapa01.fr\/index.php?rest_route=\/wp\/v2\/types\/page"}],"author":[{"embeddable":true,"href":"https:\/\/shapa01.fr\/index.php?rest_route=\/wp\/v2\/users\/1"}],"replies":[{"embeddable":true,"href":"https:\/\/shapa01.fr\/index.php?rest_route=%2Fwp%2Fv2%2Fcomments&post=62"}],"version-history":[{"count":6,"href":"https:\/\/shapa01.fr\/index.php?rest_route=\/wp\/v2\/pages\/62\/revisions"}],"predecessor-version":[{"id":240,"href":"https:\/\/shapa01.fr\/index.php?rest_route=\/wp\/v2\/pages\/62\/revisions\/240"}],"wp:featuredmedia":[{"embeddable":true,"href":"https:\/\/shapa01.fr\/index.php?rest_route=\/wp\/v2\/media\/113"}],"wp:attachment":[{"href":"https:\/\/shapa01.fr\/index.php?rest_route=%2Fwp%2Fv2%2Fmedia&parent=62"}],"curies":[{"name":"wp","href":"https:\/\/api.w.org\/{rel}","templated":true}]}}