{"id":65,"date":"2018-11-08T15:09:18","date_gmt":"2018-11-08T14:09:18","guid":{"rendered":"http:\/\/shapa01.fr\/?page_id=65"},"modified":"2022-09-07T11:58:38","modified_gmt":"2022-09-07T09:58:38","slug":"une-section-de-page-daccueil","status":"publish","type":"page","link":"https:\/\/shapa01.fr\/?page_id=65","title":{"rendered":"Nos activit\u00e9s"},"content":{"rendered":"<ul>\n<li><span style=\"color: #993300;\"><span style=\"color: #993300;\"><strong>Visites comment\u00e9es de sites historiques ou pr\u00e9historiques, de villages, de monuments,&nbsp;&nbsp; de mus\u00e9es&#8230; <\/strong><\/span><\/span><\/li>\n<li><span style=\"color: #993300;\"><span style=\"color: #993300;\"><strong>Conf\u00e9rences, <\/strong><\/span><\/span><\/li>\n<li><span style=\"color: #993300;\"><strong>Expositions,<br \/>\n<\/strong><\/span><\/li>\n<li><span style=\"color: #993300;\"><strong>D\u00e9couverte d&rsquo;un territoire lors d&rsquo;un voyage de 2 \u00e0 4 jours,<\/strong><\/span><\/li>\n<li><span style=\"color: #993300;\"><strong>R\u00e9daction et publication d&rsquo;une revue annuelle.<br \/>\n<\/strong><\/span><\/li>\n<\/ul>\n","protected":false},"excerpt":{"rendered":"<p>Visites comment\u00e9es de sites historiques ou pr\u00e9historiques, de villages, de monuments,&nbsp;&nbsp; de mus\u00e9es&#8230; Conf\u00e9rences, Expositions, D\u00e9couverte d&rsquo;un territoire lors d&rsquo;un voyage de 2 \u00e0 4 jours, R\u00e9daction et publication d&rsquo;une revue annuelle.<\/p>\n","protected":false},"author":1,"featured_media":115,"parent":0,"menu_order":0,"comment_status":"closed","ping_status":"closed","template":"","meta":{"footnotes":""},"class_list":["post-65","page","type-page","status-publish","has-post-thumbnail","hentry"],"yoast_head":"<!-- This site is optimized with the Yoast SEO plugin v27.4 - https:\/\/yoast.com\/product\/yoast-seo-wordpress\/ -->\n<title>Nos activit\u00e9s - SHAPA<\/title>\n<meta name=\"robots\" content=\"index, follow, max-snippet:-1, max-image-preview:large, max-video-preview:-1\" \/>\n<link rel=\"canonical\" href=\"https:\/\/shapa01.fr\/?page_id=65\" \/>\n<meta property=\"og:locale\" content=\"fr_FR\" \/>\n<meta property=\"og:type\" content=\"article\" \/>\n<meta property=\"og:title\" content=\"Nos activit\u00e9s - SHAPA\" \/>\n<meta property=\"og:description\" content=\"Visites comment\u00e9es de sites historiques ou pr\u00e9historiques, de villages, de monuments,&nbsp;&nbsp; de mus\u00e9es&#8230; Conf\u00e9rences, Expositions, D\u00e9couverte d&rsquo;un territoire lors d&rsquo;un voyage de 2 \u00e0 4 jours, R\u00e9daction et publication d&rsquo;une revue annuelle.\" \/>\n<meta property=\"og:url\" content=\"https:\/\/shapa01.fr\/?page_id=65\" \/>\n<meta property=\"og:site_name\" content=\"SHAPA\" \/>\n<meta property=\"article:modified_time\" content=\"2022-09-07T09:58:38+00:00\" \/>\n<meta property=\"og:image\" content=\"https:\/\/shapa01.fr\/wp-content\/uploads\/2018\/11\/P1060955-1024x768.jpg\" \/>\n\t<meta property=\"og:image:width\" content=\"1024\" \/>\n\t<meta property=\"og:image:height\" content=\"768\" \/>\n\t<meta property=\"og:image:type\" content=\"image\/jpeg\" \/>\n<meta name=\"twitter:card\" content=\"summary_large_image\" \/>\n<script type=\"application\/ld+json\" class=\"yoast-schema-graph\">{\"@context\":\"https:\\\/\\\/schema.org\",\"@graph\":[{\"@type\":\"WebPage\",\"@id\":\"https:\\\/\\\/shapa01.fr\\\/?page_id=65\",\"url\":\"https:\\\/\\\/shapa01.fr\\\/?page_id=65\",\"name\":\"Nos activit\u00e9s - SHAPA\",\"isPartOf\":{\"@id\":\"https:\\\/\\\/shapa01.fr\\\/#website\"},\"primaryImageOfPage\":{\"@id\":\"https:\\\/\\\/shapa01.fr\\\/?page_id=65#primaryimage\"},\"image\":{\"@id\":\"https:\\\/\\\/shapa01.fr\\\/?page_id=65#primaryimage\"},\"thumbnailUrl\":\"https:\\\/\\\/shapa01.fr\\\/wp-content\\\/uploads\\\/2018\\\/11\\\/P1060955.jpg\",\"datePublished\":\"2018-11-08T14:09:18+00:00\",\"dateModified\":\"2022-09-07T09:58:38+00:00\",\"breadcrumb\":{\"@id\":\"https:\\\/\\\/shapa01.fr\\\/?page_id=65#breadcrumb\"},\"inLanguage\":\"fr-FR\",\"potentialAction\":[{\"@type\":\"ReadAction\",\"target\":[\"https:\\\/\\\/shapa01.fr\\\/?page_id=65\"]}]},{\"@type\":\"ImageObject\",\"inLanguage\":\"fr-FR\",\"@id\":\"https:\\\/\\\/shapa01.fr\\\/?page_id=65#primaryimage\",\"url\":\"https:\\\/\\\/shapa01.fr\\\/wp-content\\\/uploads\\\/2018\\\/11\\\/P1060955.jpg\",\"contentUrl\":\"https:\\\/\\\/shapa01.fr\\\/wp-content\\\/uploads\\\/2018\\\/11\\\/P1060955.jpg\",\"width\":3648,\"height\":2736},{\"@type\":\"BreadcrumbList\",\"@id\":\"https:\\\/\\\/shapa01.fr\\\/?page_id=65#breadcrumb\",\"itemListElement\":[{\"@type\":\"ListItem\",\"position\":1,\"name\":\"Accueil\",\"item\":\"https:\\\/\\\/shapa01.fr\\\/\"},{\"@type\":\"ListItem\",\"position\":2,\"name\":\"Nos activit\u00e9s\"}]},{\"@type\":\"WebSite\",\"@id\":\"https:\\\/\\\/shapa01.fr\\\/#website\",\"url\":\"https:\\\/\\\/shapa01.fr\\\/\",\"name\":\"SHAPA\",\"description\":\"Soci\u00e9t\u00e9 d&#039;Histoire et d&#039;Arch\u00e9ologie de la Plaine de l&#039;Ain\",\"potentialAction\":[{\"@type\":\"SearchAction\",\"target\":{\"@type\":\"EntryPoint\",\"urlTemplate\":\"https:\\\/\\\/shapa01.fr\\\/?s={search_term_string}\"},\"query-input\":{\"@type\":\"PropertyValueSpecification\",\"valueRequired\":true,\"valueName\":\"search_term_string\"}}],\"inLanguage\":\"fr-FR\"}]}<\/script>\n<!-- \/ Yoast SEO plugin. -->","yoast_head_json":{"title":"Nos activit\u00e9s - SHAPA","robots":{"index":"index","follow":"follow","max-snippet":"max-snippet:-1","max-image-preview":"max-image-preview:large","max-video-preview":"max-video-preview:-1"},"canonical":"https:\/\/shapa01.fr\/?page_id=65","og_locale":"fr_FR","og_type":"article","og_title":"Nos activit\u00e9s - SHAPA","og_description":"Visites comment\u00e9es de sites historiques ou pr\u00e9historiques, de villages, de monuments,&nbsp;&nbsp; de mus\u00e9es&#8230; Conf\u00e9rences, Expositions, D\u00e9couverte d&rsquo;un territoire lors d&rsquo;un voyage de 2 \u00e0 4 jours, R\u00e9daction et publication d&rsquo;une revue annuelle.","og_url":"https:\/\/shapa01.fr\/?page_id=65","og_site_name":"SHAPA","article_modified_time":"2022-09-07T09:58:38+00:00","og_image":[{"width":1024,"height":768,"url":"https:\/\/shapa01.fr\/wp-content\/uploads\/2018\/11\/P1060955-1024x768.jpg","type":"image\/jpeg"}],"twitter_card":"summary_large_image","schema":{"@context":"https:\/\/schema.org","@graph":[{"@type":"WebPage","@id":"https:\/\/shapa01.fr\/?page_id=65","url":"https:\/\/shapa01.fr\/?page_id=65","name":"Nos activit\u00e9s - SHAPA","isPartOf":{"@id":"https:\/\/shapa01.fr\/#website"},"primaryImageOfPage":{"@id":"https:\/\/shapa01.fr\/?page_id=65#primaryimage"},"image":{"@id":"https:\/\/shapa01.fr\/?page_id=65#primaryimage"},"thumbnailUrl":"https:\/\/shapa01.fr\/wp-content\/uploads\/2018\/11\/P1060955.jpg","datePublished":"2018-11-08T14:09:18+00:00","dateModified":"2022-09-07T09:58:38+00:00","breadcrumb":{"@id":"https:\/\/shapa01.fr\/?page_id=65#breadcrumb"},"inLanguage":"fr-FR","potentialAction":[{"@type":"ReadAction","target":["https:\/\/shapa01.fr\/?page_id=65"]}]},{"@type":"ImageObject","inLanguage":"fr-FR","@id":"https:\/\/shapa01.fr\/?page_id=65#primaryimage","url":"https:\/\/shapa01.fr\/wp-content\/uploads\/2018\/11\/P1060955.jpg","contentUrl":"https:\/\/shapa01.fr\/wp-content\/uploads\/2018\/11\/P1060955.jpg","width":3648,"height":2736},{"@type":"BreadcrumbList","@id":"https:\/\/shapa01.fr\/?page_id=65#breadcrumb","itemListElement":[{"@type":"ListItem","position":1,"name":"Accueil","item":"https:\/\/shapa01.fr\/"},{"@type":"ListItem","position":2,"name":"Nos activit\u00e9s"}]},{"@type":"WebSite","@id":"https:\/\/shapa01.fr\/#website","url":"https:\/\/shapa01.fr\/","name":"SHAPA","description":"Soci\u00e9t\u00e9 d&#039;Histoire et d&#039;Arch\u00e9ologie de la Plaine de l&#039;Ain","potentialAction":[{"@type":"SearchAction","target":{"@type":"EntryPoint","urlTemplate":"https:\/\/shapa01.fr\/?s={search_term_string}"},"query-input":{"@type":"PropertyValueSpecification","valueRequired":true,"valueName":"search_term_string"}}],"inLanguage":"fr-FR"}]}},"_links":{"self":[{"href":"https:\/\/shapa01.fr\/index.php?rest_route=\/wp\/v2\/pages\/65","targetHints":{"allow":["GET"]}}],"collection":[{"href":"https:\/\/shapa01.fr\/index.php?rest_route=\/wp\/v2\/pages"}],"about":[{"href":"https:\/\/shapa01.fr\/index.php?rest_route=\/wp\/v2\/types\/page"}],"author":[{"embeddable":true,"href":"https:\/\/shapa01.fr\/index.php?rest_route=\/wp\/v2\/users\/1"}],"replies":[{"embeddable":true,"href":"https:\/\/shapa01.fr\/index.php?rest_route=%2Fwp%2Fv2%2Fcomments&post=65"}],"version-history":[{"count":11,"href":"https:\/\/shapa01.fr\/index.php?rest_route=\/wp\/v2\/pages\/65\/revisions"}],"predecessor-version":[{"id":256,"href":"https:\/\/shapa01.fr\/index.php?rest_route=\/wp\/v2\/pages\/65\/revisions\/256"}],"wp:featuredmedia":[{"embeddable":true,"href":"https:\/\/shapa01.fr\/index.php?rest_route=\/wp\/v2\/media\/115"}],"wp:attachment":[{"href":"https:\/\/shapa01.fr\/index.php?rest_route=%2Fwp%2Fv2%2Fmedia&parent=65"}],"curies":[{"name":"wp","href":"https:\/\/api.w.org\/{rel}","templated":true}]}}